{"id":131,"date":"2024-08-23T11:43:04","date_gmt":"2024-08-23T09:43:04","guid":{"rendered":"https:\/\/crehappycouture.fr\/?product=anneau-de-dentition-zebre"},"modified":"2024-09-03T13:40:50","modified_gmt":"2024-09-03T11:40:50","slug":"anneau-de-dentition-zebre","status":"publish","type":"product","link":"https:\/\/crehappycouture.fr\/?product=anneau-de-dentition-zebre","title":{"rendered":"Anneau de dentition &#8220;z\u00e8bre&#8221;"},"content":{"rendered":"<p>Un anneau en bois naturel non trait\u00e9 et 2 petites oreilles de lapin pour soulager les gencives douloureuse de vos b\u00e9b\u00e9s.<\/p>\n<p>&nbsp;<\/p>\n<p>Un c\u00f4t\u00e9 en coton oeko tex<\/p>\n<p>Un cot\u00e9 en minky tout doux<\/p>\n<p>&nbsp;<\/p>\n<p>Parfait comme cadeau de naissance<\/p>\n<p>&nbsp;<\/p>\n<p>A compl\u00e9ter avec les autres articles de la collection &#8221; z\u00e8bre&#8221;<\/p>\n<p>&nbsp;<\/p>\n","protected":false},"excerpt":{"rendered":"<p>Un anneau en bois naturel non trait\u00e9 et 2 petites oreilles de lapin pour soulager les gencives douloureuse de vos b\u00e9b\u00e9s. &nbsp; Un c\u00f4t\u00e9 en coton oeko tex Un cot\u00e9 en minky tout doux &nbsp; Parfait comme cadeau de naissance &nbsp; A compl\u00e9ter avec les autres articles de la collection &#8221; z\u00e8bre&#8221; &nbsp;<\/p>\n","protected":false},"featured_media":1093,"comment_status":"open","ping_status":"closed","template":"","meta":[],"product_cat":[23],"product_tag":[],"class_list":{"0":"post-131","1":"product","2":"type-product","3":"status-publish","4":"has-post-thumbnail","6":"product_cat-anneau-de-dentition","8":"first","9":"instock","10":"shipping-taxable","11":"purchasable","12":"product-type-simple"},"_links":{"self":[{"href":"https:\/\/crehappycouture.fr\/index.php?rest_route=\/wp\/v2\/product\/131"}],"collection":[{"href":"https:\/\/crehappycouture.fr\/index.php?rest_route=\/wp\/v2\/product"}],"about":[{"href":"https:\/\/crehappycouture.fr\/index.php?rest_route=\/wp\/v2\/types\/product"}],"replies":[{"embeddable":true,"href":"https:\/\/crehappycouture.fr\/index.php?rest_route=%2Fwp%2Fv2%2Fcomments&post=131"}],"wp:featuredmedia":[{"embeddable":true,"href":"https:\/\/crehappycouture.fr\/index.php?rest_route=\/wp\/v2\/media\/1093"}],"wp:attachment":[{"href":"https:\/\/crehappycouture.fr\/index.php?rest_route=%2Fwp%2Fv2%2Fmedia&parent=131"}],"wp:term":[{"taxonomy":"product_cat","embeddable":true,"href":"https:\/\/crehappycouture.fr\/index.php?rest_route=%2Fwp%2Fv2%2Fproduct_cat&post=131"},{"taxonomy":"product_tag","embeddable":true,"href":"https:\/\/crehappycouture.fr\/index.php?rest_route=%2Fwp%2Fv2%2Fproduct_tag&post=131"}],"curies":[{"name":"wp","href":"https:\/\/api.w.org\/{rel}","templated":true}]}}