{"id":132,"date":"2024-08-23T11:43:04","date_gmt":"2024-08-23T09:43:04","guid":{"rendered":"https:\/\/crehappycouture.fr\/?product=nid-dange-robin"},"modified":"2024-08-23T11:43:04","modified_gmt":"2024-08-23T09:43:04","slug":"nid-dange-robin","status":"publish","type":"product","link":"https:\/\/crehappycouture.fr\/?product=nid-dange-robin","title":{"rendered":"Nid d&#8217;ange &#8220;Robin&#8221;"},"content":{"rendered":"<p>Un petit cocon tout doux&nbsp;pour votre b\u00e9b\u00e9<\/p>\n<p>Fermeture par pressions&nbsp;&nbsp;<\/p>\n<p>Tissus ext\u00e9rieur en coton Oeko-tex<\/p>\n<p>Tissus int\u00e9rieur doudou<\/p>\n<p>&nbsp;<\/p>\n<p>Parfait comme cadeau de naissance<\/p>\n<p>A compl\u00e9ter avec les autres articles de la collection &#8220;Robin&#8221;<\/p>\n","protected":false},"excerpt":{"rendered":"<p>Un petit cocon tout doux&nbsp;pour votre b\u00e9b\u00e9 Fermeture par pressions&nbsp;&nbsp; Tissus ext\u00e9rieur en coton Oeko-tex Tissus int\u00e9rieur doudou &nbsp; Parfait comme cadeau de naissance A compl\u00e9ter avec les autres articles de la collection &#8220;Robin&#8221;<\/p>\n","protected":false},"featured_media":0,"comment_status":"open","ping_status":"closed","template":"","meta":[],"product_cat":[15],"product_tag":[],"class_list":{"0":"post-132","1":"product","2":"type-product","3":"status-publish","5":"product_cat-uncategorized","7":"first","8":"instock","9":"shipping-taxable","10":"product-type-simple"},"_links":{"self":[{"href":"https:\/\/crehappycouture.fr\/index.php?rest_route=\/wp\/v2\/product\/132"}],"collection":[{"href":"https:\/\/crehappycouture.fr\/index.php?rest_route=\/wp\/v2\/product"}],"about":[{"href":"https:\/\/crehappycouture.fr\/index.php?rest_route=\/wp\/v2\/types\/product"}],"replies":[{"embeddable":true,"href":"https:\/\/crehappycouture.fr\/index.php?rest_route=%2Fwp%2Fv2%2Fcomments&post=132"}],"wp:attachment":[{"href":"https:\/\/crehappycouture.fr\/index.php?rest_route=%2Fwp%2Fv2%2Fmedia&parent=132"}],"wp:term":[{"taxonomy":"product_cat","embeddable":true,"href":"https:\/\/crehappycouture.fr\/index.php?rest_route=%2Fwp%2Fv2%2Fproduct_cat&post=132"},{"taxonomy":"product_tag","embeddable":true,"href":"https:\/\/crehappycouture.fr\/index.php?rest_route=%2Fwp%2Fv2%2Fproduct_tag&post=132"}],"curies":[{"name":"wp","href":"https:\/\/api.w.org\/{rel}","templated":true}]}}