{"id":135,"date":"2024-08-23T11:43:04","date_gmt":"2024-08-23T09:43:04","guid":{"rendered":"https:\/\/crehappycouture.fr\/?product=lot-de-3-panieres-zebre"},"modified":"2024-08-23T11:43:04","modified_gmt":"2024-08-23T09:43:04","slug":"lot-de-3-panieres-zebre","status":"publish","type":"product","link":"https:\/\/crehappycouture.fr\/?product=lot-de-3-panieres-zebre","title":{"rendered":"Lot de 3 Pani\u00e8res &#8220;Z\u00e8bre&#8221;"},"content":{"rendered":"<p>Lot de 3 pani\u00e8res :<\/p>\n<p>&#8211;&nbsp;une grande pour stocker les couches de b\u00e9b\u00e9<\/p>\n<p>-2 plus petites pour les lingettes et autres accessoires<\/p>\n<p>&nbsp;<\/p>\n<p>Chaque chose \u00e0 sa place!<\/p>\n<p>&nbsp;<\/p>\n<p>Tissus ext\u00e9rieur coton oeko tex<\/p>\n<p>Tissus int\u00e9rieur enduit<\/p>\n<p>Parfait comme cadeau de naissance<\/p>\n<p>A compl\u00e9ter avec les autres articles de la collection &#8221; Z\u00e8bre &#8220;<\/p>\n","protected":false},"excerpt":{"rendered":"<p>Lot de 3 pani\u00e8res : &#8211;&nbsp;une grande pour stocker les couches de b\u00e9b\u00e9 -2 plus petites pour les lingettes et autres accessoires &nbsp; Chaque chose \u00e0 sa place! &nbsp; Tissus ext\u00e9rieur coton oeko tex Tissus int\u00e9rieur enduit Parfait comme cadeau de naissance A compl\u00e9ter avec les autres articles de la collection &#8221; Z\u00e8bre &#8220;<\/p>\n","protected":false},"featured_media":0,"comment_status":"open","ping_status":"closed","template":"","meta":[],"product_cat":[15],"product_tag":[],"class_list":{"0":"post-135","1":"product","2":"type-product","3":"status-publish","5":"product_cat-uncategorized","7":"first","8":"instock","9":"shipping-taxable","10":"product-type-simple"},"_links":{"self":[{"href":"https:\/\/crehappycouture.fr\/index.php?rest_route=\/wp\/v2\/product\/135"}],"collection":[{"href":"https:\/\/crehappycouture.fr\/index.php?rest_route=\/wp\/v2\/product"}],"about":[{"href":"https:\/\/crehappycouture.fr\/index.php?rest_route=\/wp\/v2\/types\/product"}],"replies":[{"embeddable":true,"href":"https:\/\/crehappycouture.fr\/index.php?rest_route=%2Fwp%2Fv2%2Fcomments&post=135"}],"wp:attachment":[{"href":"https:\/\/crehappycouture.fr\/index.php?rest_route=%2Fwp%2Fv2%2Fmedia&parent=135"}],"wp:term":[{"taxonomy":"product_cat","embeddable":true,"href":"https:\/\/crehappycouture.fr\/index.php?rest_route=%2Fwp%2Fv2%2Fproduct_cat&post=135"},{"taxonomy":"product_tag","embeddable":true,"href":"https:\/\/crehappycouture.fr\/index.php?rest_route=%2Fwp%2Fv2%2Fproduct_tag&post=135"}],"curies":[{"name":"wp","href":"https:\/\/api.w.org\/{rel}","templated":true}]}}