{"id":136,"date":"2024-08-23T11:43:04","date_gmt":"2024-08-23T09:43:04","guid":{"rendered":"https:\/\/crehappycouture.fr\/?product=paniere-personnalisable"},"modified":"2024-08-23T11:43:04","modified_gmt":"2024-08-23T09:43:04","slug":"paniere-personnalisable","status":"publish","type":"product","link":"https:\/\/crehappycouture.fr\/?product=paniere-personnalisable","title":{"rendered":"Pani\u00e8re personnalisable"},"content":{"rendered":"<p>Aussi pratique dans la chambre pour stocker les petites affaires de b\u00e9b\u00e9, que sur la table \u00e0 langer&nbsp;pour ranger les petites lingettes lavables ( disponibles sur le site \u00e9galement)!<\/p>\n<p>&nbsp;<\/p>\n<p>Tissus ext\u00e9rieur coton oeko tex<\/p>\n<p>Tissus int\u00e9rieur enduit<\/p>\n<p>Parfait comme cadeau de naissance<\/p>\n<p>&nbsp;<\/p>\n<p>Merci de choisir le tissus de votre choix dans le menu d\u00e9roulant ( vous trouverez le choix de tissus dans l&#8217;onglet &#8221; tissus&#8221; du menu)<\/p>\n","protected":false},"excerpt":{"rendered":"<p>Aussi pratique dans la chambre pour stocker les petites affaires de b\u00e9b\u00e9, que sur la table \u00e0 langer&nbsp;pour ranger les petites lingettes lavables ( disponibles sur le site \u00e9galement)! &nbsp; Tissus ext\u00e9rieur coton oeko tex Tissus int\u00e9rieur enduit Parfait comme cadeau de naissance &nbsp; Merci de choisir le tissus de votre choix dans le menu [&hellip;]<\/p>\n","protected":false},"featured_media":0,"comment_status":"open","ping_status":"closed","template":"","meta":[],"product_cat":[15],"product_tag":[],"class_list":{"0":"post-136","1":"product","2":"type-product","3":"status-publish","5":"product_cat-uncategorized","7":"first","8":"instock","9":"shipping-taxable","10":"product-type-simple"},"_links":{"self":[{"href":"https:\/\/crehappycouture.fr\/index.php?rest_route=\/wp\/v2\/product\/136"}],"collection":[{"href":"https:\/\/crehappycouture.fr\/index.php?rest_route=\/wp\/v2\/product"}],"about":[{"href":"https:\/\/crehappycouture.fr\/index.php?rest_route=\/wp\/v2\/types\/product"}],"replies":[{"embeddable":true,"href":"https:\/\/crehappycouture.fr\/index.php?rest_route=%2Fwp%2Fv2%2Fcomments&post=136"}],"wp:attachment":[{"href":"https:\/\/crehappycouture.fr\/index.php?rest_route=%2Fwp%2Fv2%2Fmedia&parent=136"}],"wp:term":[{"taxonomy":"product_cat","embeddable":true,"href":"https:\/\/crehappycouture.fr\/index.php?rest_route=%2Fwp%2Fv2%2Fproduct_cat&post=136"},{"taxonomy":"product_tag","embeddable":true,"href":"https:\/\/crehappycouture.fr\/index.php?rest_route=%2Fwp%2Fv2%2Fproduct_tag&post=136"}],"curies":[{"name":"wp","href":"https:\/\/api.w.org\/{rel}","templated":true}]}}