{"id":158,"date":"2024-08-23T11:43:05","date_gmt":"2024-08-23T09:43:05","guid":{"rendered":"https:\/\/crehappycouture.fr\/?product=protege-livret-de-famille-personnalisable"},"modified":"2024-08-23T11:43:05","modified_gmt":"2024-08-23T09:43:05","slug":"protege-livret-de-famille-personnalisable","status":"publish","type":"product","link":"https:\/\/crehappycouture.fr\/?product=protege-livret-de-famille-personnalisable","title":{"rendered":"Prot\u00e8ge livret de famille personnalisable"},"content":{"rendered":"<p>Comme le&nbsp;carnet de sant\u00e9 de b\u00e9b\u00e9, votre livret de famille m\u00e9rite une protection personnalis\u00e9e pour rester intact.<\/p>\n<p>Avec un bouton pression pour la fermeture.<\/p>\n<p>En tissus&nbsp;coton oeko tex<\/p>\n<p>Parfait comme cadeau de naissance<\/p>\n<p>&nbsp;<\/p>\n<p>Merci de choisir le tissus de votre choix dans le menu d\u00e9roulant ( vous trouverez le choix de tissus dans l&#8217;onglet &#8221; tissus&#8221; du menu)<\/p>\n","protected":false},"excerpt":{"rendered":"<p>Comme le&nbsp;carnet de sant\u00e9 de b\u00e9b\u00e9, votre livret de famille m\u00e9rite une protection personnalis\u00e9e pour rester intact. Avec un bouton pression pour la fermeture. En tissus&nbsp;coton oeko tex Parfait comme cadeau de naissance &nbsp; Merci de choisir le tissus de votre choix dans le menu d\u00e9roulant ( vous trouverez le choix de tissus dans l&#8217;onglet [&hellip;]<\/p>\n","protected":false},"featured_media":0,"comment_status":"open","ping_status":"closed","template":"","meta":[],"product_cat":[15],"product_tag":[],"class_list":{"0":"post-158","1":"product","2":"type-product","3":"status-publish","5":"product_cat-uncategorized","7":"first","8":"instock","9":"shipping-taxable","10":"product-type-simple"},"_links":{"self":[{"href":"https:\/\/crehappycouture.fr\/index.php?rest_route=\/wp\/v2\/product\/158"}],"collection":[{"href":"https:\/\/crehappycouture.fr\/index.php?rest_route=\/wp\/v2\/product"}],"about":[{"href":"https:\/\/crehappycouture.fr\/index.php?rest_route=\/wp\/v2\/types\/product"}],"replies":[{"embeddable":true,"href":"https:\/\/crehappycouture.fr\/index.php?rest_route=%2Fwp%2Fv2%2Fcomments&post=158"}],"wp:attachment":[{"href":"https:\/\/crehappycouture.fr\/index.php?rest_route=%2Fwp%2Fv2%2Fmedia&parent=158"}],"wp:term":[{"taxonomy":"product_cat","embeddable":true,"href":"https:\/\/crehappycouture.fr\/index.php?rest_route=%2Fwp%2Fv2%2Fproduct_cat&post=158"},{"taxonomy":"product_tag","embeddable":true,"href":"https:\/\/crehappycouture.fr\/index.php?rest_route=%2Fwp%2Fv2%2Fproduct_tag&post=158"}],"curies":[{"name":"wp","href":"https:\/\/api.w.org\/{rel}","templated":true}]}}