{"id":226,"date":"2024-08-23T11:43:10","date_gmt":"2024-08-23T09:43:10","guid":{"rendered":"https:\/\/crehappycouture.fr\/?product=balle-de-prehension-personnalisable"},"modified":"2024-08-23T11:43:10","modified_gmt":"2024-08-23T09:43:10","slug":"balle-de-prehension-personnalisable","status":"publish","type":"product","link":"https:\/\/crehappycouture.fr\/?product=balle-de-prehension-personnalisable","title":{"rendered":"Balle de pr\u00e9hension personnalisable"},"content":{"rendered":"<p>Balle de pr\u00e9hension de type montessori<\/p>\n<p>Convient \u00e0 un enfant de&nbsp;la naissance&nbsp;jusqu&#8217;\u00e0 2 ans environ<\/p>\n<p>Permet de d\u00e9velopper la pr\u00e9hension,&nbsp;la coordination des mouvements et&nbsp;l&#8217;\u00e9veil des sens :&nbsp;&nbsp;la vue,&nbsp;le toucher et l&#8217;ou\u00efe gr\u00e2ce au grelot int\u00e9gr\u00e9<\/p>\n<p>Tissus&nbsp;coton oeko tex<\/p>\n<p>&nbsp;<\/p>\n<p>Parfait comme cadeau de naissance<\/p>\n<p>&nbsp;<\/p>\n<p>Merci de choisir le tissus de votre choix dans le menu d\u00e9roulant ( vous trouverez le choix de tissus dans l&#8217;onglet &#8221; tissus&#8221; du menu)<\/p>\n","protected":false},"excerpt":{"rendered":"<p>Balle de pr\u00e9hension de type montessori Convient \u00e0 un enfant de&nbsp;la naissance&nbsp;jusqu&#8217;\u00e0 2 ans environ Permet de d\u00e9velopper la pr\u00e9hension,&nbsp;la coordination des mouvements et&nbsp;l&#8217;\u00e9veil des sens :&nbsp;&nbsp;la vue,&nbsp;le toucher et l&#8217;ou\u00efe gr\u00e2ce au grelot int\u00e9gr\u00e9 Tissus&nbsp;coton oeko tex &nbsp; Parfait comme cadeau de naissance &nbsp; Merci de choisir le tissus de votre choix dans le [&hellip;]<\/p>\n","protected":false},"featured_media":0,"comment_status":"open","ping_status":"closed","template":"","meta":[],"product_cat":[15],"product_tag":[],"class_list":{"0":"post-226","1":"product","2":"type-product","3":"status-publish","5":"product_cat-uncategorized","7":"first","8":"instock","9":"shipping-taxable","10":"product-type-simple"},"_links":{"self":[{"href":"https:\/\/crehappycouture.fr\/index.php?rest_route=\/wp\/v2\/product\/226"}],"collection":[{"href":"https:\/\/crehappycouture.fr\/index.php?rest_route=\/wp\/v2\/product"}],"about":[{"href":"https:\/\/crehappycouture.fr\/index.php?rest_route=\/wp\/v2\/types\/product"}],"replies":[{"embeddable":true,"href":"https:\/\/crehappycouture.fr\/index.php?rest_route=%2Fwp%2Fv2%2Fcomments&post=226"}],"wp:attachment":[{"href":"https:\/\/crehappycouture.fr\/index.php?rest_route=%2Fwp%2Fv2%2Fmedia&parent=226"}],"wp:term":[{"taxonomy":"product_cat","embeddable":true,"href":"https:\/\/crehappycouture.fr\/index.php?rest_route=%2Fwp%2Fv2%2Fproduct_cat&post=226"},{"taxonomy":"product_tag","embeddable":true,"href":"https:\/\/crehappycouture.fr\/index.php?rest_route=%2Fwp%2Fv2%2Fproduct_tag&post=226"}],"curies":[{"name":"wp","href":"https:\/\/api.w.org\/{rel}","templated":true}]}}