{"id":29,"date":"2024-08-23T11:42:59","date_gmt":"2024-08-23T09:42:59","guid":{"rendered":"https:\/\/crehappycouture.fr\/?product=chaussette-de-noel-houx"},"modified":"2024-08-23T11:42:59","modified_gmt":"2024-08-23T09:42:59","slug":"chaussette-de-noel-houx","status":"publish","type":"product","link":"https:\/\/crehappycouture.fr\/?product=chaussette-de-noel-houx","title":{"rendered":"Chaussette de no\u00ebl Houx"},"content":{"rendered":"<p>Une chaussette de No\u00ebl taille enfant \u00e0 accrocher \u00e0 la chemin\u00e9e et \u00e0 remplir de petites surprises!<\/p>\n","protected":false},"excerpt":{"rendered":"<p>Une chaussette de No\u00ebl taille enfant \u00e0 accrocher \u00e0 la chemin\u00e9e et \u00e0 remplir de petites surprises!<\/p>\n","protected":false},"featured_media":0,"comment_status":"open","ping_status":"closed","template":"","meta":[],"product_cat":[15],"product_tag":[],"class_list":{"0":"post-29","1":"product","2":"type-product","3":"status-publish","5":"product_cat-uncategorized","7":"first","8":"instock","9":"shipping-taxable","10":"product-type-simple"},"_links":{"self":[{"href":"https:\/\/crehappycouture.fr\/index.php?rest_route=\/wp\/v2\/product\/29"}],"collection":[{"href":"https:\/\/crehappycouture.fr\/index.php?rest_route=\/wp\/v2\/product"}],"about":[{"href":"https:\/\/crehappycouture.fr\/index.php?rest_route=\/wp\/v2\/types\/product"}],"replies":[{"embeddable":true,"href":"https:\/\/crehappycouture.fr\/index.php?rest_route=%2Fwp%2Fv2%2Fcomments&post=29"}],"wp:attachment":[{"href":"https:\/\/crehappycouture.fr\/index.php?rest_route=%2Fwp%2Fv2%2Fmedia&parent=29"}],"wp:term":[{"taxonomy":"product_cat","embeddable":true,"href":"https:\/\/crehappycouture.fr\/index.php?rest_route=%2Fwp%2Fv2%2Fproduct_cat&post=29"},{"taxonomy":"product_tag","embeddable":true,"href":"https:\/\/crehappycouture.fr\/index.php?rest_route=%2Fwp%2Fv2%2Fproduct_tag&post=29"}],"curies":[{"name":"wp","href":"https:\/\/api.w.org\/{rel}","templated":true}]}}