{"id":32,"date":"2024-08-23T11:42:59","date_gmt":"2024-08-23T09:42:59","guid":{"rendered":"https:\/\/crehappycouture.fr\/?product=chaussette-de-noel-bonhomme-de-neige-2"},"modified":"2024-08-30T11:12:19","modified_gmt":"2024-08-30T09:12:19","slug":"chaussette-de-noel-bonhomme-de-neige-2","status":"publish","type":"product","link":"https:\/\/crehappycouture.fr\/?product=chaussette-de-noel-bonhomme-de-neige-2","title":{"rendered":"Chaussette de no\u00ebl bonhomme de neige"},"content":{"rendered":"<p>Une chaussette de No\u00ebl taille enfant \u00e0 accrocher \u00e0 la chemin\u00e9e et \u00e0 remplir de petites surprises!<\/p>\n","protected":false},"excerpt":{"rendered":"<p>Une chaussette de No\u00ebl taille enfant \u00e0 accrocher \u00e0 la chemin\u00e9e et \u00e0 remplir de petites surprises!<\/p>\n","protected":false},"featured_media":13,"comment_status":"open","ping_status":"closed","template":"","meta":[],"product_cat":[15],"product_tag":[],"class_list":{"0":"post-32","1":"product","2":"type-product","3":"status-publish","4":"has-post-thumbnail","6":"product_cat-uncategorized","8":"first","9":"instock","10":"shipping-taxable","11":"product-type-simple"},"_links":{"self":[{"href":"https:\/\/crehappycouture.fr\/index.php?rest_route=\/wp\/v2\/product\/32"}],"collection":[{"href":"https:\/\/crehappycouture.fr\/index.php?rest_route=\/wp\/v2\/product"}],"about":[{"href":"https:\/\/crehappycouture.fr\/index.php?rest_route=\/wp\/v2\/types\/product"}],"replies":[{"embeddable":true,"href":"https:\/\/crehappycouture.fr\/index.php?rest_route=%2Fwp%2Fv2%2Fcomments&post=32"}],"wp:featuredmedia":[{"embeddable":true,"href":"https:\/\/crehappycouture.fr\/index.php?rest_route=\/wp\/v2\/media\/13"}],"wp:attachment":[{"href":"https:\/\/crehappycouture.fr\/index.php?rest_route=%2Fwp%2Fv2%2Fmedia&parent=32"}],"wp:term":[{"taxonomy":"product_cat","embeddable":true,"href":"https:\/\/crehappycouture.fr\/index.php?rest_route=%2Fwp%2Fv2%2Fproduct_cat&post=32"},{"taxonomy":"product_tag","embeddable":true,"href":"https:\/\/crehappycouture.fr\/index.php?rest_route=%2Fwp%2Fv2%2Fproduct_tag&post=32"}],"curies":[{"name":"wp","href":"https:\/\/api.w.org\/{rel}","templated":true}]}}