{"id":33,"date":"2024-08-23T11:42:59","date_gmt":"2024-08-23T09:42:59","guid":{"rendered":"https:\/\/crehappycouture.fr\/?product=snoods-tour-de-cou-enfant"},"modified":"2024-08-23T11:42:59","modified_gmt":"2024-08-23T09:42:59","slug":"snoods-tour-de-cou-enfant","status":"publish","type":"product","link":"https:\/\/crehappycouture.fr\/?product=snoods-tour-de-cou-enfant","title":{"rendered":"Snoods \/ tour de cou enfant"},"content":{"rendered":"<p>Snood enfant en en jersey ou coton double gaze avec un int\u00e9rieur en polaire ou en minkee tout doux.<\/p>\n<p>Plus s\u00e9curitaire qu\u2019un \u00e9charpe pour les petits, tr\u00e8s confortable et facile \u00e0 enfiler,&nbsp;il permet l&#8217;autonomie de l&#8217;enfant.<\/p>\n<p>&nbsp;<\/p>\n<p>2 tailles disponibles<\/p>\n<p>&#8211; b\u00e9b\u00e9&nbsp; : env. 10&nbsp;cm de haut sur 43 cm de long<\/p>\n<p>&#8211; enfant (\u00e0 partir de 2\/3 ans selon l&#8217;enfant)&nbsp; : Env. 16&nbsp;cm de haut sur 53&nbsp;cm de long<\/p>\n<p>&nbsp;<\/p>\n<p>Tissu au choix, \u00e0 pr\u00e9ciser au moment de la commande<\/p>\n","protected":false},"excerpt":{"rendered":"<p>Snood enfant en en jersey ou coton double gaze avec un int\u00e9rieur en polaire ou en minkee tout doux. Plus s\u00e9curitaire qu\u2019un \u00e9charpe pour les petits, tr\u00e8s confortable et facile \u00e0 enfiler,&nbsp;il permet l&#8217;autonomie de l&#8217;enfant. &nbsp; 2 tailles disponibles &#8211; b\u00e9b\u00e9&nbsp; : env. 10&nbsp;cm de haut sur 43 cm de long &#8211; enfant (\u00e0 [&hellip;]<\/p>\n","protected":false},"featured_media":0,"comment_status":"open","ping_status":"closed","template":"","meta":[],"product_cat":[15],"product_tag":[],"class_list":{"0":"post-33","1":"product","2":"type-product","3":"status-publish","5":"product_cat-uncategorized","7":"first","8":"instock","9":"shipping-taxable","10":"product-type-simple"},"_links":{"self":[{"href":"https:\/\/crehappycouture.fr\/index.php?rest_route=\/wp\/v2\/product\/33"}],"collection":[{"href":"https:\/\/crehappycouture.fr\/index.php?rest_route=\/wp\/v2\/product"}],"about":[{"href":"https:\/\/crehappycouture.fr\/index.php?rest_route=\/wp\/v2\/types\/product"}],"replies":[{"embeddable":true,"href":"https:\/\/crehappycouture.fr\/index.php?rest_route=%2Fwp%2Fv2%2Fcomments&post=33"}],"wp:attachment":[{"href":"https:\/\/crehappycouture.fr\/index.php?rest_route=%2Fwp%2Fv2%2Fmedia&parent=33"}],"wp:term":[{"taxonomy":"product_cat","embeddable":true,"href":"https:\/\/crehappycouture.fr\/index.php?rest_route=%2Fwp%2Fv2%2Fproduct_cat&post=33"},{"taxonomy":"product_tag","embeddable":true,"href":"https:\/\/crehappycouture.fr\/index.php?rest_route=%2Fwp%2Fv2%2Fproduct_tag&post=33"}],"curies":[{"name":"wp","href":"https:\/\/api.w.org\/{rel}","templated":true}]}}