{"id":594,"date":"2024-08-23T11:43:54","date_gmt":"2024-08-23T09:43:54","guid":{"rendered":"https:\/\/crehappycouture.fr\/?product=gigoteuse-personnalisable"},"modified":"2024-08-23T11:43:54","modified_gmt":"2024-08-23T09:43:54","slug":"gigoteuse-personnalisable","status":"publish","type":"product","link":"https:\/\/crehappycouture.fr\/?product=gigoteuse-personnalisable","title":{"rendered":"Gigoteuse personnalisable"},"content":{"rendered":"<p>Gigoteuse mi- saison<\/p>\n<p>fermeture \u00e9clair sur le c\u00f4t\u00e9 et pressions aux \u00e9paules&nbsp;<\/p>\n<p>Tissus ext\u00e9rieur en coton Oeko-tex<\/p>\n<p>Tissus int\u00e9rieur nid d&#8217;abeille<\/p>\n<p>Parfait comme cadeau de naissance<\/p>\n<p>&nbsp;<\/p>\n<p>Merci de choisir le tissus de votre choix dans le menu d\u00e9roulant ( vous trouverez le choix de tissus dans l&#8217;onglet &#8221; tissus&#8221; du menu)<\/p>\n","protected":false},"excerpt":{"rendered":"<p>Gigoteuse mi- saison fermeture \u00e9clair sur le c\u00f4t\u00e9 et pressions aux \u00e9paules&nbsp; Tissus ext\u00e9rieur en coton Oeko-tex Tissus int\u00e9rieur nid d&#8217;abeille Parfait comme cadeau de naissance &nbsp; Merci de choisir le tissus de votre choix dans le menu d\u00e9roulant ( vous trouverez le choix de tissus dans l&#8217;onglet &#8221; tissus&#8221; du menu)<\/p>\n","protected":false},"featured_media":0,"comment_status":"open","ping_status":"closed","template":"","meta":[],"product_cat":[15],"product_tag":[],"class_list":{"0":"post-594","1":"product","2":"type-product","3":"status-publish","5":"product_cat-uncategorized","7":"first","8":"instock","9":"shipping-taxable","10":"product-type-simple"},"_links":{"self":[{"href":"https:\/\/crehappycouture.fr\/index.php?rest_route=\/wp\/v2\/product\/594"}],"collection":[{"href":"https:\/\/crehappycouture.fr\/index.php?rest_route=\/wp\/v2\/product"}],"about":[{"href":"https:\/\/crehappycouture.fr\/index.php?rest_route=\/wp\/v2\/types\/product"}],"replies":[{"embeddable":true,"href":"https:\/\/crehappycouture.fr\/index.php?rest_route=%2Fwp%2Fv2%2Fcomments&post=594"}],"wp:attachment":[{"href":"https:\/\/crehappycouture.fr\/index.php?rest_route=%2Fwp%2Fv2%2Fmedia&parent=594"}],"wp:term":[{"taxonomy":"product_cat","embeddable":true,"href":"https:\/\/crehappycouture.fr\/index.php?rest_route=%2Fwp%2Fv2%2Fproduct_cat&post=594"},{"taxonomy":"product_tag","embeddable":true,"href":"https:\/\/crehappycouture.fr\/index.php?rest_route=%2Fwp%2Fv2%2Fproduct_tag&post=594"}],"curies":[{"name":"wp","href":"https:\/\/api.w.org\/{rel}","templated":true}]}}