{"id":61,"date":"2024-08-23T11:43:01","date_gmt":"2024-08-23T09:43:01","guid":{"rendered":"https:\/\/crehappycouture.fr\/?product=paniere-animaux-de-la-foret"},"modified":"2024-08-23T11:43:01","modified_gmt":"2024-08-23T09:43:01","slug":"paniere-animaux-de-la-foret","status":"publish","type":"product","link":"https:\/\/crehappycouture.fr\/?product=paniere-animaux-de-la-foret","title":{"rendered":"Pani\u00e8re &#8221; Animaux de la for\u00eat&#8221;"},"content":{"rendered":"<p>Aussi pratique dans la chambre pour stocker les petites affaires de b\u00e9b\u00e9, que sur la table \u00e0 langer pour ranger les petites lingettes lavables ( disponibles sur le site \u00e9galement)!<\/p>\n<p>&nbsp;<\/p>\n<p>Tissus ext\u00e9rieur coton oeko tex<\/p>\n<p>Tissus int\u00e9rieur enduit<\/p>\n<p>Parfait comme cadeau de naissance<\/p>\n<p>A compl\u00e9ter avec les autres articles de la collection &#8221; animaux de la for\u00eat &#8220;<\/p>\n","protected":false},"excerpt":{"rendered":"<p>Aussi pratique dans la chambre pour stocker les petites affaires de b\u00e9b\u00e9, que sur la table \u00e0 langer pour ranger les petites lingettes lavables ( disponibles sur le site \u00e9galement)! &nbsp; Tissus ext\u00e9rieur coton oeko tex Tissus int\u00e9rieur enduit Parfait comme cadeau de naissance A compl\u00e9ter avec les autres articles de la collection &#8221; animaux [&hellip;]<\/p>\n","protected":false},"featured_media":0,"comment_status":"open","ping_status":"closed","template":"","meta":[],"product_cat":[15],"product_tag":[],"class_list":{"0":"post-61","1":"product","2":"type-product","3":"status-publish","5":"product_cat-uncategorized","7":"first","8":"instock","9":"shipping-taxable","10":"product-type-simple"},"_links":{"self":[{"href":"https:\/\/crehappycouture.fr\/index.php?rest_route=\/wp\/v2\/product\/61"}],"collection":[{"href":"https:\/\/crehappycouture.fr\/index.php?rest_route=\/wp\/v2\/product"}],"about":[{"href":"https:\/\/crehappycouture.fr\/index.php?rest_route=\/wp\/v2\/types\/product"}],"replies":[{"embeddable":true,"href":"https:\/\/crehappycouture.fr\/index.php?rest_route=%2Fwp%2Fv2%2Fcomments&post=61"}],"wp:attachment":[{"href":"https:\/\/crehappycouture.fr\/index.php?rest_route=%2Fwp%2Fv2%2Fmedia&parent=61"}],"wp:term":[{"taxonomy":"product_cat","embeddable":true,"href":"https:\/\/crehappycouture.fr\/index.php?rest_route=%2Fwp%2Fv2%2Fproduct_cat&post=61"},{"taxonomy":"product_tag","embeddable":true,"href":"https:\/\/crehappycouture.fr\/index.php?rest_route=%2Fwp%2Fv2%2Fproduct_tag&post=61"}],"curies":[{"name":"wp","href":"https:\/\/api.w.org\/{rel}","templated":true}]}}