{"id":63,"date":"2024-08-23T11:43:01","date_gmt":"2024-08-23T09:43:01","guid":{"rendered":"https:\/\/crehappycouture.fr\/?product=protege-carnet-de-sante-mouettes-gris"},"modified":"2024-08-23T11:43:01","modified_gmt":"2024-08-23T09:43:01","slug":"protege-carnet-de-sante-mouettes-gris","status":"publish","type":"product","link":"https:\/\/crehappycouture.fr\/?product=protege-carnet-de-sante-mouettes-gris","title":{"rendered":"Prot\u00e8ge carnet de sant\u00e9 mouettes gris"},"content":{"rendered":"<p>Ce prot\u00e8ge carnet de sant\u00e9 personnalisable mettra toutes les informations de votre bout de chou \u00e0 l&#8217;abri !<\/p>\n<p>Un bouton pression permet de fermer le carnet.<\/p>\n<p>En tissus&nbsp;coton oeko tex<\/p>\n<p>Parfait comme cadeau de naissance<\/p>\n<p>&nbsp;<\/p>\n","protected":false},"excerpt":{"rendered":"<p>Ce prot\u00e8ge carnet de sant\u00e9 personnalisable mettra toutes les informations de votre bout de chou \u00e0 l&#8217;abri ! Un bouton pression permet de fermer le carnet. En tissus&nbsp;coton oeko tex Parfait comme cadeau de naissance &nbsp;<\/p>\n","protected":false},"featured_media":0,"comment_status":"open","ping_status":"closed","template":"","meta":[],"product_cat":[15],"product_tag":[],"class_list":{"0":"post-63","1":"product","2":"type-product","3":"status-publish","5":"product_cat-uncategorized","7":"first","8":"instock","9":"shipping-taxable","10":"product-type-simple"},"_links":{"self":[{"href":"https:\/\/crehappycouture.fr\/index.php?rest_route=\/wp\/v2\/product\/63"}],"collection":[{"href":"https:\/\/crehappycouture.fr\/index.php?rest_route=\/wp\/v2\/product"}],"about":[{"href":"https:\/\/crehappycouture.fr\/index.php?rest_route=\/wp\/v2\/types\/product"}],"replies":[{"embeddable":true,"href":"https:\/\/crehappycouture.fr\/index.php?rest_route=%2Fwp%2Fv2%2Fcomments&post=63"}],"wp:attachment":[{"href":"https:\/\/crehappycouture.fr\/index.php?rest_route=%2Fwp%2Fv2%2Fmedia&parent=63"}],"wp:term":[{"taxonomy":"product_cat","embeddable":true,"href":"https:\/\/crehappycouture.fr\/index.php?rest_route=%2Fwp%2Fv2%2Fproduct_cat&post=63"},{"taxonomy":"product_tag","embeddable":true,"href":"https:\/\/crehappycouture.fr\/index.php?rest_route=%2Fwp%2Fv2%2Fproduct_tag&post=63"}],"curies":[{"name":"wp","href":"https:\/\/api.w.org\/{rel}","templated":true}]}}