{"id":694,"date":"2024-08-23T11:44:11","date_gmt":"2024-08-23T09:44:11","guid":{"rendered":"https:\/\/crehappycouture.fr\/?product=doudou-personnalisable"},"modified":"2024-08-23T11:44:11","modified_gmt":"2024-08-23T09:44:11","slug":"doudou-personnalisable","status":"publish","type":"product","link":"https:\/\/crehappycouture.fr\/?product=doudou-personnalisable","title":{"rendered":"Doudou personnalisable"},"content":{"rendered":"<p>Doudou carr\u00e9&nbsp;<\/p>\n<p>2 oreilles de lapin pour permettre \u00e0 b\u00e9b\u00e9 de tenir facilement son doudou<\/p>\n<p>Plusieurs rubans pour l&#8217;\u00e9veil sensoriel de b\u00e9b\u00e9<\/p>\n<p>Fermeture par pression<\/p>\n<p>Tissus&nbsp;coton oeko tex<\/p>\n<p>Tissus doudou tout doux<\/p>\n<p>&nbsp;<\/p>\n<p>Parfait comme cadeau de naissance&nbsp;<\/p>\n<p>&nbsp;<\/p>\n<p>Merci de choisir le tissus de votre choix dans le menu d\u00e9roulant ( vous trouverez le choix de tissus dans l&#8217;onglet &#8221; tissus&#8221; du menu)<\/p>\n","protected":false},"excerpt":{"rendered":"<p>Doudou carr\u00e9&nbsp; 2 oreilles de lapin pour permettre \u00e0 b\u00e9b\u00e9 de tenir facilement son doudou Plusieurs rubans pour l&#8217;\u00e9veil sensoriel de b\u00e9b\u00e9 Fermeture par pression Tissus&nbsp;coton oeko tex Tissus doudou tout doux &nbsp; Parfait comme cadeau de naissance&nbsp; &nbsp; Merci de choisir le tissus de votre choix dans le menu d\u00e9roulant ( vous trouverez le [&hellip;]<\/p>\n","protected":false},"featured_media":0,"comment_status":"open","ping_status":"closed","template":"","meta":[],"product_cat":[15],"product_tag":[],"class_list":{"0":"post-694","1":"product","2":"type-product","3":"status-publish","5":"product_cat-uncategorized","7":"first","8":"instock","9":"shipping-taxable","10":"product-type-simple"},"_links":{"self":[{"href":"https:\/\/crehappycouture.fr\/index.php?rest_route=\/wp\/v2\/product\/694"}],"collection":[{"href":"https:\/\/crehappycouture.fr\/index.php?rest_route=\/wp\/v2\/product"}],"about":[{"href":"https:\/\/crehappycouture.fr\/index.php?rest_route=\/wp\/v2\/types\/product"}],"replies":[{"embeddable":true,"href":"https:\/\/crehappycouture.fr\/index.php?rest_route=%2Fwp%2Fv2%2Fcomments&post=694"}],"wp:attachment":[{"href":"https:\/\/crehappycouture.fr\/index.php?rest_route=%2Fwp%2Fv2%2Fmedia&parent=694"}],"wp:term":[{"taxonomy":"product_cat","embeddable":true,"href":"https:\/\/crehappycouture.fr\/index.php?rest_route=%2Fwp%2Fv2%2Fproduct_cat&post=694"},{"taxonomy":"product_tag","embeddable":true,"href":"https:\/\/crehappycouture.fr\/index.php?rest_route=%2Fwp%2Fv2%2Fproduct_tag&post=694"}],"curies":[{"name":"wp","href":"https:\/\/api.w.org\/{rel}","templated":true}]}}