{"id":762,"date":"2024-08-23T11:44:23","date_gmt":"2024-08-23T09:44:23","guid":{"rendered":"https:\/\/crehappycouture.fr\/?product=couverture-personnalisable"},"modified":"2024-08-23T11:44:23","modified_gmt":"2024-08-23T09:44:23","slug":"couverture-personnalisable","status":"publish","type":"product","link":"https:\/\/crehappycouture.fr\/?product=couverture-personnalisable","title":{"rendered":"Couverture personnalisable"},"content":{"rendered":"<p>Une couverture toute douce pour garder au chaud votre b\u00e9b\u00e9.<\/p>\n<p>A la maison, dans la pousette, pour la voiture&#8230; cette couverture ne vous quittera pas&nbsp;<\/p>\n<p>Tissus ext\u00e9rieur en coton Oeko-tex<\/p>\n<p>Tissus int\u00e9rieur doudou tout doux<\/p>\n<p>dimention 70x 100<\/p>\n<p>Parfait comme cadeau de naissance<\/p>\n<p>&nbsp;<\/p>\n<p>Merci de choisir le tissus de votre choix dans le menu d\u00e9roulant ( vous trouverez le choix de tissus dans l&#8217;onglet &#8221; tissus&#8221; du menu)<\/p>\n","protected":false},"excerpt":{"rendered":"<p>Une couverture toute douce pour garder au chaud votre b\u00e9b\u00e9. A la maison, dans la pousette, pour la voiture&#8230; cette couverture ne vous quittera pas&nbsp; Tissus ext\u00e9rieur en coton Oeko-tex Tissus int\u00e9rieur doudou tout doux dimention 70x 100 Parfait comme cadeau de naissance &nbsp; Merci de choisir le tissus de votre choix dans le menu [&hellip;]<\/p>\n","protected":false},"featured_media":0,"comment_status":"open","ping_status":"closed","template":"","meta":[],"product_cat":[15],"product_tag":[],"class_list":{"0":"post-762","1":"product","2":"type-product","3":"status-publish","5":"product_cat-uncategorized","7":"first","8":"instock","9":"shipping-taxable","10":"product-type-simple"},"_links":{"self":[{"href":"https:\/\/crehappycouture.fr\/index.php?rest_route=\/wp\/v2\/product\/762"}],"collection":[{"href":"https:\/\/crehappycouture.fr\/index.php?rest_route=\/wp\/v2\/product"}],"about":[{"href":"https:\/\/crehappycouture.fr\/index.php?rest_route=\/wp\/v2\/types\/product"}],"replies":[{"embeddable":true,"href":"https:\/\/crehappycouture.fr\/index.php?rest_route=%2Fwp%2Fv2%2Fcomments&post=762"}],"wp:attachment":[{"href":"https:\/\/crehappycouture.fr\/index.php?rest_route=%2Fwp%2Fv2%2Fmedia&parent=762"}],"wp:term":[{"taxonomy":"product_cat","embeddable":true,"href":"https:\/\/crehappycouture.fr\/index.php?rest_route=%2Fwp%2Fv2%2Fproduct_cat&post=762"},{"taxonomy":"product_tag","embeddable":true,"href":"https:\/\/crehappycouture.fr\/index.php?rest_route=%2Fwp%2Fv2%2Fproduct_tag&post=762"}],"curies":[{"name":"wp","href":"https:\/\/api.w.org\/{rel}","templated":true}]}}