{"id":802,"date":"2024-08-23T11:44:30","date_gmt":"2024-08-23T09:44:30","guid":{"rendered":"https:\/\/crehappycouture.fr\/?product=bavoir-robin"},"modified":"2024-08-23T11:44:30","modified_gmt":"2024-08-23T09:44:30","slug":"bavoir-robin","status":"publish","type":"product","link":"https:\/\/crehappycouture.fr\/?product=bavoir-robin","title":{"rendered":"Bavoir &#8220;Robin&#8221;"},"content":{"rendered":"<p>Bavoirs&nbsp;de la collection&#8221; Robin&#8221;<\/p>\n<p>Fermeture par pression<\/p>\n<p>Tissus ext\u00e9rieur coton oeko tex<\/p>\n<p>Tissus int\u00e9rieur \u00e9ponge<\/p>\n<p>Parfait comme cadeau de naissance<\/p>\n<p>A compl\u00e9ter avec les autres articles de la collection &#8221; Robin&#8221;<\/p>\n","protected":false},"excerpt":{"rendered":"<p>Bavoirs&nbsp;de la collection&#8221; Robin&#8221; Fermeture par pression Tissus ext\u00e9rieur coton oeko tex Tissus int\u00e9rieur \u00e9ponge Parfait comme cadeau de naissance A compl\u00e9ter avec les autres articles de la collection &#8221; Robin&#8221;<\/p>\n","protected":false},"featured_media":0,"comment_status":"open","ping_status":"closed","template":"","meta":[],"product_cat":[15],"product_tag":[],"class_list":{"0":"post-802","1":"product","2":"type-product","3":"status-publish","5":"product_cat-uncategorized","7":"first","8":"instock","9":"shipping-taxable","10":"product-type-simple"},"_links":{"self":[{"href":"https:\/\/crehappycouture.fr\/index.php?rest_route=\/wp\/v2\/product\/802"}],"collection":[{"href":"https:\/\/crehappycouture.fr\/index.php?rest_route=\/wp\/v2\/product"}],"about":[{"href":"https:\/\/crehappycouture.fr\/index.php?rest_route=\/wp\/v2\/types\/product"}],"replies":[{"embeddable":true,"href":"https:\/\/crehappycouture.fr\/index.php?rest_route=%2Fwp%2Fv2%2Fcomments&post=802"}],"wp:attachment":[{"href":"https:\/\/crehappycouture.fr\/index.php?rest_route=%2Fwp%2Fv2%2Fmedia&parent=802"}],"wp:term":[{"taxonomy":"product_cat","embeddable":true,"href":"https:\/\/crehappycouture.fr\/index.php?rest_route=%2Fwp%2Fv2%2Fproduct_cat&post=802"},{"taxonomy":"product_tag","embeddable":true,"href":"https:\/\/crehappycouture.fr\/index.php?rest_route=%2Fwp%2Fv2%2Fproduct_tag&post=802"}],"curies":[{"name":"wp","href":"https:\/\/api.w.org\/{rel}","templated":true}]}}