{"id":818,"date":"2024-08-23T11:44:33","date_gmt":"2024-08-23T09:44:33","guid":{"rendered":"https:\/\/crehappycouture.fr\/?product=tipi-pipi-robin"},"modified":"2024-08-23T11:44:33","modified_gmt":"2024-08-23T09:44:33","slug":"tipi-pipi-robin","status":"publish","type":"product","link":"https:\/\/crehappycouture.fr\/?product=tipi-pipi-robin","title":{"rendered":"Tipi pipi &#8220;Robin&#8221;"},"content":{"rendered":"<p>Tipi pipi bien utile pour le change de vos petits gar\u00e7ons!<\/p>\n<p>Vendu&nbsp;par lot de 4 ou&nbsp;8, avec ou sans pani\u00e8re (veillez \u00e0 bien choisir votre option)<\/p>\n<p>Tissus ext\u00e9rieur coton oeko tex<\/p>\n<p>Tissus int\u00e9rieur \u00e9ponge<\/p>\n<p>Parfait comme cadeau de naissance<\/p>\n<p>A compl\u00e9ter avec les autres articles de la collection &#8221; Robin&#8221;<\/p>\n","protected":false},"excerpt":{"rendered":"<p>Tipi pipi bien utile pour le change de vos petits gar\u00e7ons! Vendu&nbsp;par lot de 4 ou&nbsp;8, avec ou sans pani\u00e8re (veillez \u00e0 bien choisir votre option) Tissus ext\u00e9rieur coton oeko tex Tissus int\u00e9rieur \u00e9ponge Parfait comme cadeau de naissance A compl\u00e9ter avec les autres articles de la collection &#8221; Robin&#8221;<\/p>\n","protected":false},"featured_media":0,"comment_status":"open","ping_status":"closed","template":"","meta":[],"product_cat":[15],"product_tag":[],"class_list":{"0":"post-818","1":"product","2":"type-product","3":"status-publish","5":"product_cat-uncategorized","7":"first","8":"instock","9":"shipping-taxable","10":"product-type-simple"},"_links":{"self":[{"href":"https:\/\/crehappycouture.fr\/index.php?rest_route=\/wp\/v2\/product\/818"}],"collection":[{"href":"https:\/\/crehappycouture.fr\/index.php?rest_route=\/wp\/v2\/product"}],"about":[{"href":"https:\/\/crehappycouture.fr\/index.php?rest_route=\/wp\/v2\/types\/product"}],"replies":[{"embeddable":true,"href":"https:\/\/crehappycouture.fr\/index.php?rest_route=%2Fwp%2Fv2%2Fcomments&post=818"}],"wp:attachment":[{"href":"https:\/\/crehappycouture.fr\/index.php?rest_route=%2Fwp%2Fv2%2Fmedia&parent=818"}],"wp:term":[{"taxonomy":"product_cat","embeddable":true,"href":"https:\/\/crehappycouture.fr\/index.php?rest_route=%2Fwp%2Fv2%2Fproduct_cat&post=818"},{"taxonomy":"product_tag","embeddable":true,"href":"https:\/\/crehappycouture.fr\/index.php?rest_route=%2Fwp%2Fv2%2Fproduct_tag&post=818"}],"curies":[{"name":"wp","href":"https:\/\/api.w.org\/{rel}","templated":true}]}}