{"id":823,"date":"2024-08-23T11:44:34","date_gmt":"2024-08-23T09:44:34","guid":{"rendered":"https:\/\/crehappycouture.fr\/?product=doudou-robin"},"modified":"2024-09-03T13:54:39","modified_gmt":"2024-09-03T11:54:39","slug":"doudou-robin","status":"publish","type":"product","link":"https:\/\/crehappycouture.fr\/?product=doudou-robin","title":{"rendered":"Doudou &#8220;Robin&#8221;"},"content":{"rendered":"<p>Doudou carr\u00e9\u00a0de la collection &#8220;Robin&#8221;<\/p>\n<p>2 oreilles de lapin pour permettre \u00e0 b\u00e9b\u00e9 de tenir facilement son doudou<\/p>\n<p>Plusieurs rubans pour l&#8217;\u00e9veil sensoriel de b\u00e9b\u00e9<\/p>\n<p>Fermeture par pression<\/p>\n<p>Tissus\u00a0coton oeko tex<\/p>\n<p>Tissus doudou tout doux<\/p>\n<p>&nbsp;<\/p>\n<p>Parfait comme cadeau de naissance<\/p>\n<p>A compl\u00e9ter avec les autres articles de la collection &#8221; Robin&#8221;<\/p>\n","protected":false},"excerpt":{"rendered":"<p>Doudou carr\u00e9\u00a0de la collection &#8220;Robin&#8221; 2 oreilles de lapin pour permettre \u00e0 b\u00e9b\u00e9 de tenir facilement son doudou Plusieurs rubans pour l&#8217;\u00e9veil sensoriel de b\u00e9b\u00e9 Fermeture par pression Tissus\u00a0coton oeko tex Tissus doudou tout doux &nbsp; Parfait comme cadeau de naissance A compl\u00e9ter avec les autres articles de la collection &#8221; Robin&#8221;<\/p>\n","protected":false},"featured_media":1110,"comment_status":"open","ping_status":"closed","template":"","meta":[],"product_cat":[35],"product_tag":[34],"class_list":{"0":"post-823","1":"product","2":"type-product","3":"status-publish","4":"has-post-thumbnail","6":"product_cat-doudou","7":"product_tag-robin","9":"first","10":"instock","11":"shipping-taxable","12":"purchasable","13":"product-type-simple"},"_links":{"self":[{"href":"https:\/\/crehappycouture.fr\/index.php?rest_route=\/wp\/v2\/product\/823"}],"collection":[{"href":"https:\/\/crehappycouture.fr\/index.php?rest_route=\/wp\/v2\/product"}],"about":[{"href":"https:\/\/crehappycouture.fr\/index.php?rest_route=\/wp\/v2\/types\/product"}],"replies":[{"embeddable":true,"href":"https:\/\/crehappycouture.fr\/index.php?rest_route=%2Fwp%2Fv2%2Fcomments&post=823"}],"wp:featuredmedia":[{"embeddable":true,"href":"https:\/\/crehappycouture.fr\/index.php?rest_route=\/wp\/v2\/media\/1110"}],"wp:attachment":[{"href":"https:\/\/crehappycouture.fr\/index.php?rest_route=%2Fwp%2Fv2%2Fmedia&parent=823"}],"wp:term":[{"taxonomy":"product_cat","embeddable":true,"href":"https:\/\/crehappycouture.fr\/index.php?rest_route=%2Fwp%2Fv2%2Fproduct_cat&post=823"},{"taxonomy":"product_tag","embeddable":true,"href":"https:\/\/crehappycouture.fr\/index.php?rest_route=%2Fwp%2Fv2%2Fproduct_tag&post=823"}],"curies":[{"name":"wp","href":"https:\/\/api.w.org\/{rel}","templated":true}]}}