{"id":824,"date":"2024-08-23T11:44:34","date_gmt":"2024-08-23T09:44:34","guid":{"rendered":"https:\/\/crehappycouture.fr\/?product=attache-tetine-margaux"},"modified":"2024-09-03T13:55:43","modified_gmt":"2024-09-03T11:55:43","slug":"attache-tetine-margaux","status":"publish","type":"product","link":"https:\/\/crehappycouture.fr\/?product=attache-tetine-margaux","title":{"rendered":"Attache t\u00e9tine &#8220;Margaux&#8221;"},"content":{"rendered":"<p>Attache t\u00e9tine\u00a0de la collection&#8221; Margaux&#8221;<\/p>\n<p>Fermeture par pression ( pour les t\u00e9tines avec un anneau)<\/p>\n<p>Petit range t\u00e9tine afin de garder la t\u00e9tine au propre lorsque b\u00e9b\u00e9 ne l&#8217;utilise pas<\/p>\n<p><span style=\"background-color: transparent; font-family: var(--wix-font-stack,'HelveticaNeueW01-55Roma','HelveticaNeueW02-55Roma','HelveticaNeueW10-55Roma',sans-serif);\">Attache m\u00e9talique amovible pour le lavage en machine <\/span><\/p>\n<p><span style=\"background-color: transparent; font-family: var(--wix-font-stack,'HelveticaNeueW01-55Roma','HelveticaNeueW02-55Roma','HelveticaNeueW10-55Roma',sans-serif);\">Tissus\u00a0coton oeko tex<\/span><\/p>\n<p>&nbsp;<\/p>\n<p>Parfait comme cadeau de naissance<\/p>\n<p>A compl\u00e9ter avec les autres articles de la collection &#8221; Margaux&#8221;<\/p>\n","protected":false},"excerpt":{"rendered":"<p>Attache t\u00e9tine\u00a0de la collection&#8221; Margaux&#8221; Fermeture par pression ( pour les t\u00e9tines avec un anneau) Petit range t\u00e9tine afin de garder la t\u00e9tine au propre lorsque b\u00e9b\u00e9 ne l&#8217;utilise pas Attache m\u00e9talique amovible pour le lavage en machine Tissus\u00a0coton oeko tex &nbsp; Parfait comme cadeau de naissance A compl\u00e9ter avec les autres articles de la [&hellip;]<\/p>\n","protected":false},"featured_media":972,"comment_status":"open","ping_status":"closed","template":"","meta":[],"product_cat":[36],"product_tag":[31],"class_list":{"0":"post-824","1":"product","2":"type-product","3":"status-publish","4":"has-post-thumbnail","6":"product_cat-attache-tetine","7":"product_tag-margaux","9":"first","10":"instock","11":"shipping-taxable","12":"purchasable","13":"product-type-simple"},"_links":{"self":[{"href":"https:\/\/crehappycouture.fr\/index.php?rest_route=\/wp\/v2\/product\/824"}],"collection":[{"href":"https:\/\/crehappycouture.fr\/index.php?rest_route=\/wp\/v2\/product"}],"about":[{"href":"https:\/\/crehappycouture.fr\/index.php?rest_route=\/wp\/v2\/types\/product"}],"replies":[{"embeddable":true,"href":"https:\/\/crehappycouture.fr\/index.php?rest_route=%2Fwp%2Fv2%2Fcomments&post=824"}],"wp:featuredmedia":[{"embeddable":true,"href":"https:\/\/crehappycouture.fr\/index.php?rest_route=\/wp\/v2\/media\/972"}],"wp:attachment":[{"href":"https:\/\/crehappycouture.fr\/index.php?rest_route=%2Fwp%2Fv2%2Fmedia&parent=824"}],"wp:term":[{"taxonomy":"product_cat","embeddable":true,"href":"https:\/\/crehappycouture.fr\/index.php?rest_route=%2Fwp%2Fv2%2Fproduct_cat&post=824"},{"taxonomy":"product_tag","embeddable":true,"href":"https:\/\/crehappycouture.fr\/index.php?rest_route=%2Fwp%2Fv2%2Fproduct_tag&post=824"}],"curies":[{"name":"wp","href":"https:\/\/api.w.org\/{rel}","templated":true}]}}