{"id":828,"date":"2024-08-23T11:44:34","date_gmt":"2024-08-23T09:44:34","guid":{"rendered":"https:\/\/crehappycouture.fr\/?product=bavoir-mathis-jaune"},"modified":"2024-08-23T11:44:34","modified_gmt":"2024-08-23T09:44:34","slug":"bavoir-mathis-jaune","status":"publish","type":"product","link":"https:\/\/crehappycouture.fr\/?product=bavoir-mathis-jaune","title":{"rendered":"Bavoir &#8220;Mathis&#8221; jaune"},"content":{"rendered":"<p>Bavoirs&nbsp;jaune de la collection&#8221; Mathis&#8221;<\/p>\n<p>Fermeture par pression<\/p>\n<p>Tissus ext\u00e9rieur coton oeko tex<\/p>\n<p>Tissus int\u00e9rieur \u00e9ponge<\/p>\n<p>Parfait comme cadeau de naissance<\/p>\n<p>A compl\u00e9ter avec les autres articles de la collection &#8221; Mathis&#8221;<\/p>\n","protected":false},"excerpt":{"rendered":"<p>Bavoirs&nbsp;jaune de la collection&#8221; Mathis&#8221; Fermeture par pression Tissus ext\u00e9rieur coton oeko tex Tissus int\u00e9rieur \u00e9ponge Parfait comme cadeau de naissance A compl\u00e9ter avec les autres articles de la collection &#8221; Mathis&#8221;<\/p>\n","protected":false},"featured_media":0,"comment_status":"open","ping_status":"closed","template":"","meta":[],"product_cat":[15],"product_tag":[],"class_list":{"0":"post-828","1":"product","2":"type-product","3":"status-publish","5":"product_cat-uncategorized","7":"first","8":"instock","9":"shipping-taxable","10":"product-type-simple"},"_links":{"self":[{"href":"https:\/\/crehappycouture.fr\/index.php?rest_route=\/wp\/v2\/product\/828"}],"collection":[{"href":"https:\/\/crehappycouture.fr\/index.php?rest_route=\/wp\/v2\/product"}],"about":[{"href":"https:\/\/crehappycouture.fr\/index.php?rest_route=\/wp\/v2\/types\/product"}],"replies":[{"embeddable":true,"href":"https:\/\/crehappycouture.fr\/index.php?rest_route=%2Fwp%2Fv2%2Fcomments&post=828"}],"wp:attachment":[{"href":"https:\/\/crehappycouture.fr\/index.php?rest_route=%2Fwp%2Fv2%2Fmedia&parent=828"}],"wp:term":[{"taxonomy":"product_cat","embeddable":true,"href":"https:\/\/crehappycouture.fr\/index.php?rest_route=%2Fwp%2Fv2%2Fproduct_cat&post=828"},{"taxonomy":"product_tag","embeddable":true,"href":"https:\/\/crehappycouture.fr\/index.php?rest_route=%2Fwp%2Fv2%2Fproduct_tag&post=828"}],"curies":[{"name":"wp","href":"https:\/\/api.w.org\/{rel}","templated":true}]}}