{"id":829,"date":"2024-08-23T11:44:34","date_gmt":"2024-08-23T09:44:34","guid":{"rendered":"https:\/\/crehappycouture.fr\/?product=lingettes-mathis"},"modified":"2024-09-03T13:59:38","modified_gmt":"2024-09-03T11:59:38","slug":"lingettes-mathis","status":"publish","type":"product","link":"https:\/\/crehappycouture.fr\/?product=lingettes-mathis","title":{"rendered":"Lingettes &#8220;Mathis&#8221;"},"content":{"rendered":"<p>Des petites lingettes lavables pour\u00a0vos loulous et vous!<\/p>\n<p>Pour le change, le bain ou se d\u00e9barbouiller<\/p>\n<p>Vendu\u00a0par lot de 6\u00a0ou 12,\u00a0avec ou sans pani\u00e8re (veillez \u00e0 bien choisir votre option)<\/p>\n<p>Tissus ext\u00e9rieur coton oeko tex<\/p>\n<p>Tissus int\u00e9rieur \u00e9ponge<\/p>\n<p>Parfait comme cadeau de naissance<\/p>\n<p>A compl\u00e9ter avec les autres articles de la collection &#8221; Mathis&#8221;<\/p>\n","protected":false},"excerpt":{"rendered":"<p>Des petites lingettes lavables pour\u00a0vos loulous et vous! Pour le change, le bain ou se d\u00e9barbouiller Vendu\u00a0par lot de 6\u00a0ou 12,\u00a0avec ou sans pani\u00e8re (veillez \u00e0 bien choisir votre option) Tissus ext\u00e9rieur coton oeko tex Tissus int\u00e9rieur \u00e9ponge Parfait comme cadeau de naissance A compl\u00e9ter avec les autres articles de la collection &#8221; Mathis&#8221;<\/p>\n","protected":false},"featured_media":1196,"comment_status":"open","ping_status":"closed","template":"","meta":[],"product_cat":[40],"product_tag":[29],"class_list":{"0":"post-829","1":"product","2":"type-product","3":"status-publish","4":"has-post-thumbnail","6":"product_cat-lingettes","7":"product_tag-mathis","9":"first","10":"instock","11":"shipping-taxable","12":"purchasable","13":"product-type-simple"},"_links":{"self":[{"href":"https:\/\/crehappycouture.fr\/index.php?rest_route=\/wp\/v2\/product\/829"}],"collection":[{"href":"https:\/\/crehappycouture.fr\/index.php?rest_route=\/wp\/v2\/product"}],"about":[{"href":"https:\/\/crehappycouture.fr\/index.php?rest_route=\/wp\/v2\/types\/product"}],"replies":[{"embeddable":true,"href":"https:\/\/crehappycouture.fr\/index.php?rest_route=%2Fwp%2Fv2%2Fcomments&post=829"}],"wp:featuredmedia":[{"embeddable":true,"href":"https:\/\/crehappycouture.fr\/index.php?rest_route=\/wp\/v2\/media\/1196"}],"wp:attachment":[{"href":"https:\/\/crehappycouture.fr\/index.php?rest_route=%2Fwp%2Fv2%2Fmedia&parent=829"}],"wp:term":[{"taxonomy":"product_cat","embeddable":true,"href":"https:\/\/crehappycouture.fr\/index.php?rest_route=%2Fwp%2Fv2%2Fproduct_cat&post=829"},{"taxonomy":"product_tag","embeddable":true,"href":"https:\/\/crehappycouture.fr\/index.php?rest_route=%2Fwp%2Fv2%2Fproduct_tag&post=829"}],"curies":[{"name":"wp","href":"https:\/\/api.w.org\/{rel}","templated":true}]}}