{"id":839,"date":"2024-08-23T11:44:36","date_gmt":"2024-08-23T09:44:36","guid":{"rendered":"https:\/\/crehappycouture.fr\/?product=nid-dange-ella"},"modified":"2024-09-03T13:45:24","modified_gmt":"2024-09-03T11:45:24","slug":"nid-dange-ella","status":"publish","type":"product","link":"https:\/\/crehappycouture.fr\/?product=nid-dange-ella","title":{"rendered":"Nid d&#8217;ange &#8220;Ella&#8221;"},"content":{"rendered":"<p>Fermeture par pressions<\/p>\n<p>Tissus ext\u00e9rieur en coton Oeko-tex<\/p>\n<p>Tissus int\u00e9rieur doudou<\/p>\n<p>Parfait comme cadeau de naissance<\/p>\n<p>A compl\u00e9ter avec les autres articles de la collection &#8220;Ella&#8221;<\/p>\n<p>&nbsp;<\/p>\n","protected":false},"excerpt":{"rendered":"<p>Fermeture par pressions Tissus ext\u00e9rieur en coton Oeko-tex Tissus int\u00e9rieur doudou Parfait comme cadeau de naissance A compl\u00e9ter avec les autres articles de la collection &#8220;Ella&#8221; &nbsp;<\/p>\n","protected":false},"featured_media":983,"comment_status":"open","ping_status":"closed","template":"","meta":[],"product_cat":[28],"product_tag":[30],"class_list":{"0":"post-839","1":"product","2":"type-product","3":"status-publish","4":"has-post-thumbnail","6":"product_cat-nid-dange","7":"product_tag-ella","9":"first","10":"instock","11":"shipping-taxable","12":"purchasable","13":"product-type-simple"},"_links":{"self":[{"href":"https:\/\/crehappycouture.fr\/index.php?rest_route=\/wp\/v2\/product\/839"}],"collection":[{"href":"https:\/\/crehappycouture.fr\/index.php?rest_route=\/wp\/v2\/product"}],"about":[{"href":"https:\/\/crehappycouture.fr\/index.php?rest_route=\/wp\/v2\/types\/product"}],"replies":[{"embeddable":true,"href":"https:\/\/crehappycouture.fr\/index.php?rest_route=%2Fwp%2Fv2%2Fcomments&post=839"}],"wp:featuredmedia":[{"embeddable":true,"href":"https:\/\/crehappycouture.fr\/index.php?rest_route=\/wp\/v2\/media\/983"}],"wp:attachment":[{"href":"https:\/\/crehappycouture.fr\/index.php?rest_route=%2Fwp%2Fv2%2Fmedia&parent=839"}],"wp:term":[{"taxonomy":"product_cat","embeddable":true,"href":"https:\/\/crehappycouture.fr\/index.php?rest_route=%2Fwp%2Fv2%2Fproduct_cat&post=839"},{"taxonomy":"product_tag","embeddable":true,"href":"https:\/\/crehappycouture.fr\/index.php?rest_route=%2Fwp%2Fv2%2Fproduct_tag&post=839"}],"curies":[{"name":"wp","href":"https:\/\/api.w.org\/{rel}","templated":true}]}}