{"id":841,"date":"2024-08-23T11:44:36","date_gmt":"2024-08-23T09:44:36","guid":{"rendered":"https:\/\/crehappycouture.fr\/?product=gigoteuse-jade"},"modified":"2024-09-03T13:50:55","modified_gmt":"2024-09-03T11:50:55","slug":"gigoteuse-jade","status":"publish","type":"product","link":"https:\/\/crehappycouture.fr\/?product=gigoteuse-jade","title":{"rendered":"Gigoteuse &#8220;Jade&#8221;"},"content":{"rendered":"<p>Gigoteuse mi- saison<\/p>\n<p>fermeture \u00e9clair sur le c\u00f4t\u00e9 et pressions aux \u00e9paules<\/p>\n<p>Tissus ext\u00e9rieur en coton Oeko-tex<\/p>\n<p>Tissus int\u00e9rieur nid d&#8217;abeille<\/p>\n<p>Parfait comme cadeau de naissance<\/p>\n<p>A compl\u00e9ter avec les autres articles de la collection &#8221; Jade&#8221;<\/p>\n","protected":false},"excerpt":{"rendered":"<p>Gigoteuse mi- saison fermeture \u00e9clair sur le c\u00f4t\u00e9 et pressions aux \u00e9paules Tissus ext\u00e9rieur en coton Oeko-tex Tissus int\u00e9rieur nid d&#8217;abeille Parfait comme cadeau de naissance A compl\u00e9ter avec les autres articles de la collection &#8221; Jade&#8221;<\/p>\n","protected":false},"featured_media":986,"comment_status":"open","ping_status":"closed","template":"","meta":[],"product_cat":[25],"product_tag":[32],"class_list":{"0":"post-841","1":"product","2":"type-product","3":"status-publish","4":"has-post-thumbnail","6":"product_cat-gigoteuse","7":"product_tag-jade","9":"first","10":"instock","11":"shipping-taxable","12":"purchasable","13":"product-type-simple"},"_links":{"self":[{"href":"https:\/\/crehappycouture.fr\/index.php?rest_route=\/wp\/v2\/product\/841"}],"collection":[{"href":"https:\/\/crehappycouture.fr\/index.php?rest_route=\/wp\/v2\/product"}],"about":[{"href":"https:\/\/crehappycouture.fr\/index.php?rest_route=\/wp\/v2\/types\/product"}],"replies":[{"embeddable":true,"href":"https:\/\/crehappycouture.fr\/index.php?rest_route=%2Fwp%2Fv2%2Fcomments&post=841"}],"wp:featuredmedia":[{"embeddable":true,"href":"https:\/\/crehappycouture.fr\/index.php?rest_route=\/wp\/v2\/media\/986"}],"wp:attachment":[{"href":"https:\/\/crehappycouture.fr\/index.php?rest_route=%2Fwp%2Fv2%2Fmedia&parent=841"}],"wp:term":[{"taxonomy":"product_cat","embeddable":true,"href":"https:\/\/crehappycouture.fr\/index.php?rest_route=%2Fwp%2Fv2%2Fproduct_cat&post=841"},{"taxonomy":"product_tag","embeddable":true,"href":"https:\/\/crehappycouture.fr\/index.php?rest_route=%2Fwp%2Fv2%2Fproduct_tag&post=841"}],"curies":[{"name":"wp","href":"https:\/\/api.w.org\/{rel}","templated":true}]}}